{"id":518,"date":"2020-10-07T13:59:35","date_gmt":"2020-10-07T13:59:35","guid":{"rendered":"https:\/\/www.romagriculture.ro\/romagr\/?page_id=518"},"modified":"2021-04-23T15:02:22","modified_gmt":"2021-04-23T15:02:22","slug":"cariere","status":"publish","type":"page","link":"https:\/\/www.romagriculture.ro\/romagr\/index.php\/cariere\/","title":{"rendered":"Cariere"},"content":{"rendered":"\t\t<div data-elementor-type=\"wp-page\" data-elementor-id=\"518\" class=\"elementor elementor-518\" data-elementor-settings=\"[]\">\n\t\t\t\t\t\t<div class=\"elementor-inner\">\n\t\t\t\t\t\t\t<div class=\"elementor-section-wrap\">\n\t\t\t\t\t\t\t<section class=\"elementor-section elementor-top-section elementor-element elementor-element-856d46b elementor-section-boxed elementor-section-height-default elementor-section-height-default\" data-id=\"856d46b\" data-element_type=\"section\">\n\t\t\t\t\t\t<div class=\"elementor-container elementor-column-gap-default\">\n\t\t\t\t\t\t\t<div class=\"elementor-row\">\n\t\t\t\t\t<div class=\"elementor-column elementor-col-100 elementor-top-column elementor-element elementor-element-8ac2213\" data-id=\"8ac2213\" data-element_type=\"column\">\n\t\t\t<div class=\"elementor-column-wrap elementor-element-populated\">\n\t\t\t\t\t\t\t<div class=\"elementor-widget-wrap\">\n\t\t\t\t\t\t<section class=\"elementor-section elementor-inner-section elementor-element elementor-element-11c6023 elementor-section-boxed elementor-section-height-default elementor-section-height-default\" data-id=\"11c6023\" data-element_type=\"section\">\n\t\t\t\t\t\t<div class=\"elementor-container elementor-column-gap-default\">\n\t\t\t\t\t\t\t<div class=\"elementor-row\">\n\t\t\t\t\t<div class=\"elementor-column elementor-col-33 elementor-inner-column elementor-element elementor-element-1e64699\" data-id=\"1e64699\" data-element_type=\"column\">\n\t\t\t<div class=\"elementor-column-wrap elementor-element-populated\">\n\t\t\t\t\t\t\t<div class=\"elementor-widget-wrap\">\n\t\t\t\t\t\t<div class=\"elementor-element elementor-element-c82ff93 elementor-widget elementor-widget-text-editor\" data-id=\"c82ff93\" data-element_type=\"widget\" data-widget_type=\"text-editor.default\">\n\t\t\t\t<div class=\"elementor-widget-container\">\n\t\t\t\t\t<div class=\"elementor-text-editor elementor-clearfix\"><h2 align=\"center\"><strong>Contabil<\/strong><\/h2><p>Crestem vazand cu ochii! Cautam Contabil cu experienta!<\/p><h3><strong>\u00a0<\/strong><strong>Profil candidat<\/strong><\/h3><ol><li>Denumire pozitie: Contabil<\/li><li>Forma contractuala-Contract de munca perioada nedeterminata, cu 3 luni perioada de proba conform legislatiei muncii;<\/li><li>Experienta: minimum 2 an experienta intr-o pozitie similara;<\/li><li>Cunostinte operare PC.<\/li><\/ol><h3><strong>Descrierea jobului:<\/strong><\/h3><ul><li>\u00centocme\u0219te situa\u021bii \u0219i rapoarte financiar-contabile<\/li><li>\u00centocme\u0219te lista facturilor emise \u0219i ne\u00eencasate \u0219i lista avansurilor disponibile \u00een lei;<\/li><li>Asigur\u0103 eviden\u021ba contabil\u0103 a stocurilor, a rela\u021biilor cu tertii \u0219i eviden\u021ba veniturilor \u0219i cheltuielilor<\/li><li>\u00centocme\u0219te balan\u021be de verificare pentru clien\u021bi;<\/li><li>operarea zilnic\u0103 a facturilor emise, a \u00eencas\u0103rilor pe facturi \u0219i \u00een avans;<\/li><li>operarea zilnic\u0103 a facturilor de la furnizori pentru presta\u021bii diverse, precum \u0219i a pl\u0103\u021bilor c\u0103tre ace\u0219tia;<\/li><li>verificarea zilnic\u0103 a soldurilor din banc\u0103;<\/li><li>\u00eencadrarea corect\u0103 a documentelor contabilizate pe venituri \u0219i cheltuieli.<\/li><li>Contabilizeaz\u0103 facturile emise pentru clien\u021bii;<\/li><li>\u00cenregistreaz\u0103 intr\u0103ri de marf\u0103 \u00een baza documentelor primite.<\/li><\/ul><\/div>\n\t\t\t\t<\/div>\n\t\t\t\t<\/div>\n\t\t\t\t\t\t<\/div>\n\t\t\t\t\t<\/div>\n\t\t<\/div>\n\t\t\t\t<div class=\"elementor-column elementor-col-33 elementor-inner-column elementor-element elementor-element-40995c8\" data-id=\"40995c8\" data-element_type=\"column\">\n\t\t\t<div class=\"elementor-column-wrap elementor-element-populated\">\n\t\t\t\t\t\t\t<div class=\"elementor-widget-wrap\">\n\t\t\t\t\t\t<div class=\"elementor-element elementor-element-a78e508 elementor-widget elementor-widget-text-editor\" data-id=\"a78e508\" data-element_type=\"widget\" data-widget_type=\"text-editor.default\">\n\t\t\t\t<div class=\"elementor-widget-container\">\n\t\t\t\t\t<div class=\"elementor-text-editor elementor-clearfix\"><h2 align=\"center\"><strong>COORDONATOR TRANSPORT<\/strong><\/h2><div align=\"center\"><p style=\"text-align: left;\">Ne dorim colegi entuziasti pentru postul de\u00a0<strong>Coordonator Transport Inputuri agricole si Cereale.<\/strong><\/p><p style=\"text-align: left;\">Experienta in coordonarea activitatilor de transport pentru produse agricole (inputuri, cereale etc) este foarte importanta, iar cunostintele tehnice iti vor fi de un real folos.<\/p><p style=\"text-align: left;\">Atentia distributiva, abilitatile de organizare si cunostintele de operare PC te vor ajuta in activitate.<\/p><p style=\"text-align: left;\">Ne intereseaza sa ai simt dezvoltat al responsabilitatii si abilitati de gestionare a situatiilor dificile.<\/p><\/div><h3><strong>\u00a0Responsabilit\u0103\u021bi<\/strong><\/h3><ol><li style=\"list-style-type: none;\"><ul><li>Coordoneaza activitatilor de Logistica-Transport (Planificator transport, Dispecer, Soferi flota proprie);<\/li><li>Identifica furnizori de servicii de transport si negociaza contractele comerciale in concordanta cu nevoile firmei;<\/li><li>Preia comenzile lansate de echipa de vanzari si urmareste stadiul livrarii acestora la client;<\/li><li>Planifica si optimizeaza incarcarile;<\/li><li>Verifica facturile primite de la transportatori si cursele efectuate de acestia;<\/li><li>Intocmeste rapoarte lunare privind situatia transporturilor<\/li><li>Tine evidenta zilnica a incarcarilor si descarcarilor, in colaborare cu departamentele: Depozit, Furnizori, Vanzari;<\/li><li>Preia reclamatiile legate de partea de transport si propune solutii de imbunatatire.<\/li><\/ul><p>\u00a0<\/p><h3><strong>Alte informa\u021bii<\/strong><\/h3><ul><li>Pachet salarial motivant<\/li><li>Masina de serviciu<\/li><\/ul><\/li><\/ol><\/div>\n\t\t\t\t<\/div>\n\t\t\t\t<\/div>\n\t\t\t\t\t\t<\/div>\n\t\t\t\t\t<\/div>\n\t\t<\/div>\n\t\t\t\t<div class=\"elementor-column elementor-col-33 elementor-inner-column elementor-element elementor-element-d1e7f92\" data-id=\"d1e7f92\" data-element_type=\"column\">\n\t\t\t<div class=\"elementor-column-wrap elementor-element-populated\">\n\t\t\t\t\t\t\t<div class=\"elementor-widget-wrap\">\n\t\t\t\t\t\t<div class=\"elementor-element elementor-element-a20a209 elementor-widget elementor-widget-text-editor\" data-id=\"a20a209\" data-element_type=\"widget\" data-widget_type=\"text-editor.default\">\n\t\t\t\t<div class=\"elementor-widget-container\">\n\t\t\t\t\t<div class=\"elementor-text-editor elementor-clearfix\"><h2 align=\"center\"><strong>AREA SALES MANAGER<\/strong><\/h2>\n<div align=\"center\"><b>Posturi disponibile:<\/b><br \/>\nArea Sales Manager Giurgiu<br \/>\nArea Sales Manager \u00a0Olt<br \/>\nArea Sales Manager Teleorman<br \/>\nArea Sales Manager Constanta si Tulcea<br \/>\nArea Sales Manager Galati<br \/>\nArea Sales Manager Prahova si Dambovita<br \/>\nArea Sales Manager Buzau<br \/>\nArea Sales Manager Vrancea<\/div>\n<h3><strong>\u00a0<\/strong><strong>Profil candidat<\/strong><\/h3>\n<ol>\n \t<li>Denumire pozitie: Reprezentant Zonal Vanzari&amp;Achizitii<\/li>\n \t<li>Forma contractuala-Contract de munca perioada nedeterminata, cu 3 luni perioada de proba conform legislatiei muncii;<\/li>\n \t<li>Departament: Comercial<\/li>\n \t<li>Raportare directa ierarhica:\u00a0NSM;<\/li>\n \t<li>Tip studii: Universitate, studiile agronomice reprezinta un avantaj;<\/li>\n \t<li>Experienta: minimum 2 ani experienta intr-o pozitie similara;<\/li>\n \t<li>Buna cunoastere a sectorului agribusiness in zona alocata reprezinta un avantaj;<\/li>\n \t<li>Disponibilitate la deplasari;<\/li>\n \t<li>Permis de conducere categoria B;<\/li>\n \t<li>Cunostinte operare PC.<\/li>\n \t<li>Pachet salarial oferit : salariul net fix in functie de experienta profesionala in domeniu, bonus in functie de atingerea obiectivelor setate, instrumente lucru: masina, telefon.<\/li>\n<\/ol>\n<h3><strong>\u00a0Abilit\u0103\u0163i<\/strong><\/h3>\n<ul>\n \t<li>Bune abilitati de relationare si comunicare;<\/li>\n \t<li>Excelente abilitati de vanzare si negociere;<\/li>\n \t<li>Abilitati de organizare si prioritizare a activitatii;<\/li>\n \t<li>Flexibilitate, rezisten\u021b\u0103 la stres, adaptabilitate \u00een situa\u021bii noi;<\/li>\n \t<li>Responsabilitate;<\/li>\n \t<li>Autonomie in organizarea activitatii;<\/li>\n \t<li>Integritate;<\/li>\n \t<li>Capacitate\u00a0de lucru in echipa,\u00a0implicare,\u00a0proactivitate.<\/li>\n<\/ul>\n<h3><strong>Descrierea jobului:<\/strong><\/h3>\n<ul>\n \t<li>Promovarea brandului si portofoliului de produse ale companiei la nivel de fermier in zona alocata si\u00a0 inchiderea vanzarii in urma promovarii;<\/li>\n \t<li>Atingerea obiectivelor de vanzari in regiunea alocata;<\/li>\n \t<li>Mentinerea relatiilor cu clientii existenti, prospectarea pietei si extinderea portofoliului de clienti;<\/li>\n \t<li>Cunoasterea si respectarea politicii comerciale;<\/li>\n \t<li>Planificarea vizitelor la clienti si oferirea de consultanta catre acestia;<\/li>\n \t<li>Urmarirea respectarii termenelor de plata de catre clienti;<\/li>\n \t<li>Initiaza cresterea volumului de achizitii cereale conform normelor anuale;<\/li>\n \t<li>Furnizeaza informatii exacte despre piata locala privind: Identificarea participantilor la piata (consumatori, furnizori, integratori, prestatori de servicii logistice etc);<\/li>\n \t<li>Gestioneaza baza de date a clientilor, si admnistreaza portofoliul de clienti;<\/li>\n \t<li>Organizeaza logistica regionala si realizarea acesteia in limitele prevazute de coordonatorul de logistica\/operatiuni;<\/li>\n \t<li>Gestioneaza relatia cu clientii\/contracte, riscul implicit si costurile de executie a contractului vs. estimari;<\/li>\n \t<li>Identifica si urmareste oportunitatile pentru companie in regiunea alocata;<\/li>\n \t<li>Participarea la evenimentele de business\/marketing care au loc in zona alocata;<\/li>\n \t<li>Participarea la sedintele nationale de vanzari din cadrul companiei;<\/li>\n \t<li>Respectarea regulilor interne ale companiei<\/li>\n<\/ul><\/div>\n\t\t\t\t<\/div>\n\t\t\t\t<\/div>\n\t\t\t\t\t\t<\/div>\n\t\t\t\t\t<\/div>\n\t\t<\/div>\n\t\t\t\t\t\t\t\t<\/div>\n\t\t\t\t\t<\/div>\n\t\t<\/section>\n\t\t\t\t\t\t<\/div>\n\t\t\t\t\t<\/div>\n\t\t<\/div>\n\t\t\t\t\t\t\t\t<\/div>\n\t\t\t\t\t<\/div>\n\t\t<\/section>\n\t\t\t\t\t\t<\/div>\n\t\t\t\t\t\t<\/div>\n\t\t\t\t\t<\/div>\n\t\t","protected":false},"excerpt":{"rendered":"<p>Contabil Crestem vazand cu ochii! Cautam Contabil cu experienta! \u00a0Profil candidat Denumire pozitie: Contabil Forma contractuala-Contract de munca perioada nedeterminata, cu 3 luni perioada de proba conform legislatiei muncii; Experienta: minimum 2 an experienta intr-o pozitie similara; Cunostinte operare PC. Descrierea jobului: \u00centocme\u0219te situa\u021bii \u0219i rapoarte financiar-contabile \u00centocme\u0219te lista facturilor emise \u0219i ne\u00eencasate \u0219i lista [&hellip;]<\/p>\n","protected":false},"author":1,"featured_media":0,"parent":0,"menu_order":0,"comment_status":"closed","ping_status":"closed","template":"","meta":[],"_links":{"self":[{"href":"https:\/\/www.romagriculture.ro\/romagr\/index.php\/wp-json\/wp\/v2\/pages\/518"}],"collection":[{"href":"https:\/\/www.romagriculture.ro\/romagr\/index.php\/wp-json\/wp\/v2\/pages"}],"about":[{"href":"https:\/\/www.romagriculture.ro\/romagr\/index.php\/wp-json\/wp\/v2\/types\/page"}],"author":[{"embeddable":true,"href":"https:\/\/www.romagriculture.ro\/romagr\/index.php\/wp-json\/wp\/v2\/users\/1"}],"replies":[{"embeddable":true,"href":"https:\/\/www.romagriculture.ro\/romagr\/index.php\/wp-json\/wp\/v2\/comments?post=518"}],"version-history":[{"count":21,"href":"https:\/\/www.romagriculture.ro\/romagr\/index.php\/wp-json\/wp\/v2\/pages\/518\/revisions"}],"predecessor-version":[{"id":623,"href":"https:\/\/www.romagriculture.ro\/romagr\/index.php\/wp-json\/wp\/v2\/pages\/518\/revisions\/623"}],"wp:attachment":[{"href":"https:\/\/www.romagriculture.ro\/romagr\/index.php\/wp-json\/wp\/v2\/media?parent=518"}],"curies":[{"name":"wp","href":"https:\/\/api.w.org\/{rel}","templated":true}]}}