{"id":196,"date":"2018-09-26T17:30:12","date_gmt":"2018-09-26T17:30:12","guid":{"rendered":"https:\/\/renovation.progressionstudios.com\/?page_id=196"},"modified":"2020-10-14T10:36:54","modified_gmt":"2020-10-14T10:36:54","slug":"strategia-de-sustenabilitate","status":"publish","type":"page","link":"https:\/\/www.romagriculture.ro\/romagr\/index.php\/strategia-de-sustenabilitate\/","title":{"rendered":"STRATEGIA de SUSTENABILITATE"},"content":{"rendered":"\t\t<div data-elementor-type=\"wp-page\" data-elementor-id=\"196\" class=\"elementor elementor-196\" data-elementor-settings=\"[]\">\n\t\t\t\t\t\t<div class=\"elementor-inner\">\n\t\t\t\t\t\t\t<div class=\"elementor-section-wrap\">\n\t\t\t\t\t\t\t<section class=\"elementor-section elementor-top-section elementor-element elementor-element-e0797ba elementor-section-boxed elementor-section-height-default elementor-section-height-default elementor-invisible\" data-id=\"e0797ba\" data-element_type=\"section\" data-settings=\"{&quot;animation&quot;:&quot;fadeIn&quot;}\">\n\t\t\t\t\t\t<div class=\"elementor-container elementor-column-gap-default\">\n\t\t\t\t\t\t\t<div class=\"elementor-row\">\n\t\t\t\t\t<div class=\"elementor-column elementor-col-100 elementor-top-column elementor-element elementor-element-bb7bd0c\" data-id=\"bb7bd0c\" data-element_type=\"column\">\n\t\t\t<div class=\"elementor-column-wrap elementor-element-populated\">\n\t\t\t\t\t\t\t<div class=\"elementor-widget-wrap\">\n\t\t\t\t\t\t<section class=\"elementor-section elementor-inner-section elementor-element elementor-element-613dc51 elementor-section-boxed elementor-section-height-default elementor-section-height-default\" data-id=\"613dc51\" data-element_type=\"section\">\n\t\t\t\t\t\t<div class=\"elementor-container elementor-column-gap-default\">\n\t\t\t\t\t\t\t<div class=\"elementor-row\">\n\t\t\t\t\t<div class=\"elementor-column elementor-col-50 elementor-inner-column elementor-element elementor-element-a3317cb\" data-id=\"a3317cb\" data-element_type=\"column\">\n\t\t\t<div class=\"elementor-column-wrap elementor-element-populated\">\n\t\t\t\t\t\t\t<div class=\"elementor-widget-wrap\">\n\t\t\t\t\t\t<div class=\"elementor-element elementor-element-9cfced4 elementor-widget elementor-widget-text-editor\" data-id=\"9cfced4\" data-element_type=\"widget\" data-widget_type=\"text-editor.default\">\n\t\t\t\t<div class=\"elementor-widget-container\">\n\t\t\t\t\t<div class=\"elementor-text-editor elementor-clearfix\"><p>Agricultura mileniului trei, de\u0219i ancorat\u0103 \u00een continuare \u00een tradi\u021bie \u0219i cultur\u0103 local\u0103, presupune mai mult ca oric\u00e2nd o adaptare la prezent \u0219i o aten\u021bie sporit\u0103 \u00eendreptat\u0103 c\u0103tre sol, mediu, etapele de dezvoltare a produselor, companii produc\u0103toare, beneficiar \u0219i nevoile sale. Fiecare element enumerat este deopotriv\u0103 important, iar p\u0103m\u00e2ntul, ca principal mijloc de produc\u021bie al agriculturii, r\u0103m\u00e2ne acel pion util \u0219i fertil, care st\u0103 \u00een centrul proceselor agricole. Azi, exploatarea resurselor solului se realizeaz\u0103 prin tehnici de factur\u0103 modern\u0103 \u0219i cu tehnologie actualizat\u0103, iar cerin\u021bele din ce \u00een ce mai ridicate \u0219i specifice ale consumatorilor fac ca aten\u021bia c\u0103tre \u00eentreaga activitate agricol\u0103 s\u0103 fie maxim\u0103. Cu g\u00e2ndul la satisfac\u021bia tuturor actorilor implica\u021bi opereaz\u0103 \u0219i <b>ROMAGRICULTURE,\u00a0<\/b>companie rom\u00e2neasc\u0103 de factur\u0103 modern\u0103, cu o prezen\u021b\u0103 activ\u0103 \u00een partea de sud-est a Rom\u00e2niei.<\/p><p>Prin performan\u021b\u0103 sus\u021binut\u0103 \u0219i demonstrat\u0103, seriozitate \u0219i dinamism, <b>ROMAGRICULTURE\u00a0<\/b>este un partener de \u00eencredere \u0219i de curs\u0103 lung\u0103!<\/p><\/div>\n\t\t\t\t<\/div>\n\t\t\t\t<\/div>\n\t\t\t\t\t\t<\/div>\n\t\t\t\t\t<\/div>\n\t\t<\/div>\n\t\t\t\t<div class=\"elementor-column elementor-col-50 elementor-inner-column elementor-element elementor-element-98c85aa\" data-id=\"98c85aa\" data-element_type=\"column\">\n\t\t\t<div class=\"elementor-column-wrap elementor-element-populated\">\n\t\t\t\t\t\t\t<div class=\"elementor-widget-wrap\">\n\t\t\t\t\t\t<div class=\"elementor-element elementor-element-b7dc13b elementor-widget elementor-widget-image\" data-id=\"b7dc13b\" data-element_type=\"widget\" data-widget_type=\"image.default\">\n\t\t\t\t<div class=\"elementor-widget-container\">\n\t\t\t\t\t<div class=\"elementor-image\">\n\t\t\t\t\t\t\t\t\t\t<img width=\"612\" height=\"408\" src=\"https:\/\/www.romagriculture.ro\/romagr\/wp-content\/uploads\/2020\/10\/strategia.jpg\" class=\"attachment-full size-full\" alt=\"\" loading=\"lazy\" srcset=\"https:\/\/www.romagriculture.ro\/romagr\/wp-content\/uploads\/2020\/10\/strategia.jpg 612w, https:\/\/www.romagriculture.ro\/romagr\/wp-content\/uploads\/2020\/10\/strategia-300x200.jpg 300w\" sizes=\"(max-width: 612px) 100vw, 612px\" \/>\t\t\t\t\t\t\t\t\t\t\t<\/div>\n\t\t\t\t<\/div>\n\t\t\t\t<\/div>\n\t\t\t\t<div class=\"elementor-element elementor-element-1191d45 elementor-widget elementor-widget-text-editor\" data-id=\"1191d45\" data-element_type=\"widget\" data-widget_type=\"text-editor.default\">\n\t\t\t\t<div class=\"elementor-widget-container\">\n\t\t\t\t\t<div class=\"elementor-text-editor elementor-clearfix\"><\/div>\n\t\t\t\t<\/div>\n\t\t\t\t<\/div>\n\t\t\t\t\t\t<\/div>\n\t\t\t\t\t<\/div>\n\t\t<\/div>\n\t\t\t\t\t\t\t\t<\/div>\n\t\t\t\t\t<\/div>\n\t\t<\/section>\n\t\t\t\t\t\t<\/div>\n\t\t\t\t\t<\/div>\n\t\t<\/div>\n\t\t\t\t\t\t\t\t<\/div>\n\t\t\t\t\t<\/div>\n\t\t<\/section>\n\t\t\t\t<section class=\"elementor-section elementor-top-section elementor-element elementor-element-981d3f5 elementor-section-boxed elementor-section-height-default elementor-section-height-default\" data-id=\"981d3f5\" data-element_type=\"section\">\n\t\t\t\t\t\t<div class=\"elementor-container elementor-column-gap-default\">\n\t\t\t\t\t\t\t<div class=\"elementor-row\">\n\t\t\t\t\t<div class=\"elementor-column elementor-col-100 elementor-top-column elementor-element elementor-element-5750351\" data-id=\"5750351\" data-element_type=\"column\">\n\t\t\t<div class=\"elementor-column-wrap\">\n\t\t\t\t\t\t\t<div class=\"elementor-widget-wrap\">\n\t\t\t\t\t\t\t\t<\/div>\n\t\t\t\t\t<\/div>\n\t\t<\/div>\n\t\t\t\t\t\t\t\t<\/div>\n\t\t\t\t\t<\/div>\n\t\t<\/section>\n\t\t\t\t\t\t<\/div>\n\t\t\t\t\t\t<\/div>\n\t\t\t\t\t<\/div>\n\t\t","protected":false},"excerpt":{"rendered":"<p>Agricultura mileniului trei, de\u0219i ancorat\u0103 \u00een continuare \u00een tradi\u021bie \u0219i cultur\u0103 local\u0103, presupune mai mult ca oric\u00e2nd o adaptare la prezent \u0219i o aten\u021bie sporit\u0103 \u00eendreptat\u0103 c\u0103tre sol, mediu, etapele de dezvoltare a produselor, companii produc\u0103toare, beneficiar \u0219i nevoile sale. Fiecare element enumerat este deopotriv\u0103 important, iar p\u0103m\u00e2ntul, ca principal mijloc de produc\u021bie al agriculturii, [&hellip;]<\/p>\n","protected":false},"author":1,"featured_media":0,"parent":0,"menu_order":0,"comment_status":"closed","ping_status":"closed","template":"","meta":[],"_links":{"self":[{"href":"https:\/\/www.romagriculture.ro\/romagr\/index.php\/wp-json\/wp\/v2\/pages\/196"}],"collection":[{"href":"https:\/\/www.romagriculture.ro\/romagr\/index.php\/wp-json\/wp\/v2\/pages"}],"about":[{"href":"https:\/\/www.romagriculture.ro\/romagr\/index.php\/wp-json\/wp\/v2\/types\/page"}],"author":[{"embeddable":true,"href":"https:\/\/www.romagriculture.ro\/romagr\/index.php\/wp-json\/wp\/v2\/users\/1"}],"replies":[{"embeddable":true,"href":"https:\/\/www.romagriculture.ro\/romagr\/index.php\/wp-json\/wp\/v2\/comments?post=196"}],"version-history":[{"count":14,"href":"https:\/\/www.romagriculture.ro\/romagr\/index.php\/wp-json\/wp\/v2\/pages\/196\/revisions"}],"predecessor-version":[{"id":591,"href":"https:\/\/www.romagriculture.ro\/romagr\/index.php\/wp-json\/wp\/v2\/pages\/196\/revisions\/591"}],"wp:attachment":[{"href":"https:\/\/www.romagriculture.ro\/romagr\/index.php\/wp-json\/wp\/v2\/media?parent=196"}],"curies":[{"name":"wp","href":"https:\/\/api.w.org\/{rel}","templated":true}]}}